{"id":5775,"date":"2016-04-15T11:25:04","date_gmt":"2016-04-15T11:25:04","guid":{"rendered":"http:\/\/vozobrera.org\/periodico\/?page_id=5775"},"modified":"2018-04-08T20:58:45","modified_gmt":"2018-04-08T18:58:45","slug":"literatura","status":"publish","type":"page","link":"https:\/\/vozobrera.org\/periodico\/biblioteca\/literatura\/","title":{"rendered":"Literatura"},"content":{"rendered":"<p style=\"text-align: justify;\">El hombre no s\u00f3lo vive de pan, y un militante comunista no s\u00f3lo vive de teor\u00eda marxista. Por eso ponemos aqu\u00ed algunas obras interesantes de la literatura que nos ayudan a entender la humanidad, nuestra \u00fanica patria.<\/p>\n<p><img loading=\"lazy\" decoding=\"async\" class=\"alignright wp-image-4687\" src=\"https:\/\/vozobrera.org\/periodico\/wp-content\/uploads\/2012\/01\/envia-libros.jpg\" width=\"163\" height=\"138\" srcset=\"https:\/\/vozobrera.org\/periodico\/wp-content\/uploads\/2012\/01\/envia-libros.jpg 698w, https:\/\/vozobrera.org\/periodico\/wp-content\/uploads\/2012\/01\/envia-libros-300x253.jpg 300w, https:\/\/vozobrera.org\/periodico\/wp-content\/uploads\/2012\/01\/envia-libros-170x143.jpg 170w, https:\/\/vozobrera.org\/periodico\/wp-content\/uploads\/2012\/01\/envia-libros-284x240.jpg 284w\" sizes=\"auto, (max-width: 163px) 100vw, 163px\" \/><\/p>\n<ul>\n<li><a title=\"Espartaco, Howard Fast\" href=\"https:\/\/vozobrera.org\/periodico\/wp-content\/uploads\/2016\/04\/espartaco.pdf\">Espartaco<\/a>, <strong>Howard Fast<\/strong><\/li>\n<li><a title=\"La rebeli\u00f3n de los colgados, B. Traven\" href=\"https:\/\/books.google.com.mx\/books?id=wdZ21Cmx4HAC&amp;lpg=PP1&amp;hl=es&amp;pg=PP1#v=onepage&amp;q&amp;f=false\">La rebeli\u00f3n de los colgados<\/a>, <strong>B. Traven<\/strong><\/li>\n<li><a title=\"Germinal, \u00c9mile Zola\" href=\"https:\/\/es.wikisource.org\/wiki\/Germinal\">Germinal<\/a>, <strong>\u00c9mile Zola<\/strong><\/li>\n<li><a title=\"Sin novedad en el frente, E. M. Remarque\" href=\"https:\/\/vozobrera.org\/periodico\/wp-content\/uploads\/2016\/04\/erich-maria-remarque-sin-novedad-en-el-frente.pdf\">Sin novedad en el frente<\/a>, <strong>E. M. Remarque<\/strong><\/li>\n<li>Las uvas de la ira (<a title=\"Las uvas de la ira (parte 1), John Steinbeck\" href=\"https:\/\/vozobrera.org\/periodico\/wp-content\/uploads\/2015\/06\/lasuvas_steinbeck.html\">parte 1<\/a> &#8211; <a title=\"Las uvas de la ira (parte 2), John Steinbeck\" href=\"https:\/\/vozobrera.org\/periodico\/wp-content\/uploads\/2015\/06\/lasuvas_steinbeck_2.html\">parte 2<\/a>), <strong>John Steinbeck<\/strong><\/li>\n<li><a title=\"R\u00e9quiem por un campesino espa\u00f1ol, Ram\u00f3n J. Sender\" href=\"https:\/\/vozobrera.org\/periodico\/wp-content\/uploads\/2016\/04\/Ramon-J.-Sender-Requiem-por-un-campesino-espa\u00f1ol.pdf\">R\u00e9quiem por un campesino espa\u00f1ol<\/a>, <strong>Ram\u00f3n J. Sender<\/strong><\/li>\n<li><a title=\"Por qui\u00e9n doblan las campanas, Ernest Hemingway\" href=\"https:\/\/vozobrera.org\/periodico\/wp-content\/uploads\/2016\/04\/Hemingway-Ernest-For-Whom-the-Bells-toll-Xx-En-Sp.pdf\">Por qui\u00e9n doblan las campanas<\/a>, <strong>Ernest Hemingway<\/strong><\/li>\n<li><a title=\"La colmena, Camilo Jos\u00e9 Cela\" href=\"https:\/\/vozobrera.org\/periodico\/wp-content\/uploads\/2016\/04\/La-Colmena.pdf\">La colmena<\/a>, <strong>Camilo Jos\u00e9 Cela<\/strong><\/li>\n<li><a title=\"La miseria de los Zapatos, H. G. Wells\" href=\"https:\/\/vozobrera.org\/periodico\/wp-content\/uploads\/2016\/04\/la-miseria-de-los-zapatos.pdf\">La miseria de los zapatos<\/a>, <strong>H. G. Wells<\/strong><\/li>\n<li><a title=\"La huelga general, Jack London\" href=\"https:\/\/vozobrera.org\/periodico\/wp-content\/uploads\/2012\/08\/La_huelga_general.pdf\">La huelga general (el sue\u00f1o de Debs)<\/a>, <strong>Jack London<\/strong><\/li>\n<li><a title=\"El cuento del agua, Edward Bellamy\" href=\"https:\/\/vozobrera.org\/periodico\/el-mercado-edward-bellamy\/\">El cuento del agua<\/a>, <strong>Edward Bellamy<\/strong><\/li>\n<li><a title=\"Ara\u00f1as y moscas, Wilhelm Liebknecht\" href=\"https:\/\/vozobrera.org\/periodico\/wp-content\/uploads\/2016\/04\/arac3b1asymoscas.pdf\">Ara\u00f1as y moscas<\/a>, <strong>Wilhelm Liebknecht<\/strong><\/li>\n<\/ul>\n","protected":false},"excerpt":{"rendered":"<p>El hombre no s\u00f3lo vive de pan, y un militante comunista no s\u00f3lo vive de teor\u00eda marxista. Por eso ponemos aqu\u00ed algunas obras interesantes de la literatura que nos ayudan a entender la humanidad, nuestra \u00fanica patria. Espartaco, Howard Fast La rebeli\u00f3n de los colgados, B. Traven Germinal, \u00c9mile Zola Sin novedad en el frente,&hellip;&nbsp;<a href=\"https:\/\/vozobrera.org\/periodico\/biblioteca\/literatura\/\" rel=\"bookmark\">Leer m\u00e1s &raquo;<span class=\"screen-reader-text\">Literatura<\/span><\/a><\/p>\n","protected":false},"author":5,"featured_media":0,"parent":5761,"menu_order":0,"comment_status":"closed","ping_status":"closed","template":"","meta":{"neve_meta_sidebar":"","neve_meta_container":"","neve_meta_enable_content_width":"","neve_meta_content_width":0,"neve_meta_title_alignment":"","neve_meta_author_avatar":"","neve_post_elements_order":"","neve_meta_disable_header":"","neve_meta_disable_footer":"","neve_meta_disable_title":"","footnotes":""},"class_list":["post-5775","page","type-page","status-publish","hentry"],"_links":{"self":[{"href":"https:\/\/vozobrera.org\/periodico\/wp-json\/wp\/v2\/pages\/5775","targetHints":{"allow":["GET"]}}],"collection":[{"href":"https:\/\/vozobrera.org\/periodico\/wp-json\/wp\/v2\/pages"}],"about":[{"href":"https:\/\/vozobrera.org\/periodico\/wp-json\/wp\/v2\/types\/page"}],"author":[{"embeddable":true,"href":"https:\/\/vozobrera.org\/periodico\/wp-json\/wp\/v2\/users\/5"}],"replies":[{"embeddable":true,"href":"https:\/\/vozobrera.org\/periodico\/wp-json\/wp\/v2\/comments?post=5775"}],"version-history":[{"count":16,"href":"https:\/\/vozobrera.org\/periodico\/wp-json\/wp\/v2\/pages\/5775\/revisions"}],"predecessor-version":[{"id":5782,"href":"https:\/\/vozobrera.org\/periodico\/wp-json\/wp\/v2\/pages\/5775\/revisions\/5782"}],"up":[{"embeddable":true,"href":"https:\/\/vozobrera.org\/periodico\/wp-json\/wp\/v2\/pages\/5761"}],"wp:attachment":[{"href":"https:\/\/vozobrera.org\/periodico\/wp-json\/wp\/v2\/media?parent=5775"}],"curies":[{"name":"wp","href":"https:\/\/api.w.org\/{rel}","templated":true}]}}