{"id":5761,"date":"2016-04-15T11:05:34","date_gmt":"2016-04-15T11:05:34","guid":{"rendered":"http:\/\/vozobrera.org\/periodico\/?page_id=5761"},"modified":"2022-02-21T21:10:12","modified_gmt":"2022-02-21T19:10:12","slug":"biblioteca","status":"publish","type":"page","link":"https:\/\/vozobrera.org\/periodico\/biblioteca\/","title":{"rendered":"Biblioteca"},"content":{"rendered":"\t\t<div data-elementor-type=\"wp-post\" data-elementor-id=\"5761\" class=\"elementor elementor-5761\">\n\t\t\t\t\t\t<div class=\"elementor-inner\">\n\t\t\t\t<div class=\"elementor-section-wrap\">\n\t\t\t\t\t\t\t\t\t<section class=\"elementor-section elementor-top-section elementor-element elementor-element-4059affb elementor-section-boxed elementor-section-height-default elementor-section-height-default\" data-id=\"4059affb\" data-element_type=\"section\">\n\t\t\t\t\t\t<div class=\"elementor-container elementor-column-gap-default\">\n\t\t\t\t\t\t\t<div class=\"elementor-row\">\n\t\t\t\t\t<div class=\"elementor-column elementor-col-100 elementor-top-column elementor-element elementor-element-2940796d\" data-id=\"2940796d\" data-element_type=\"column\">\n\t\t\t<div class=\"elementor-column-wrap elementor-element-populated\">\n\t\t\t\t\t\t\t<div class=\"elementor-widget-wrap\">\n\t\t\t\t\t\t<div class=\"elementor-element elementor-element-6dab4cc0 elementor-widget elementor-widget-text-editor\" data-id=\"6dab4cc0\" data-element_type=\"widget\" data-widget_type=\"text-editor.default\">\n\t\t\t\t<div class=\"elementor-widget-container\">\n\t\t\t\t\t\t\t\t<div class=\"elementor-text-editor elementor-clearfix\">\n\t\t\t\t<h1 style=\"text-align: justify;\">Aqu\u00ed se encuentran publicados diversos t\u00edtulos sobre pol\u00edtica, marxismo, socialismo.<\/h1><h2 style=\"text-align: justify;\">Una literatura imprescindible.<\/h2>\t\t\t\t\t<\/div>\n\t\t\t\t\t\t<\/div>\n\t\t\t\t<\/div>\n\t\t\t\t\t\t<\/div>\n\t\t\t\t\t<\/div>\n\t\t<\/div>\n\t\t\t\t\t\t\t\t<\/div>\n\t\t\t\t\t<\/div>\n\t\t<\/section>\n\t\t\t\t<section class=\"elementor-section elementor-top-section elementor-element elementor-element-99cea17 elementor-section-boxed elementor-section-height-default elementor-section-height-default\" data-id=\"99cea17\" data-element_type=\"section\">\n\t\t\t\t\t\t<div class=\"elementor-container elementor-column-gap-default\">\n\t\t\t\t\t\t\t<div class=\"elementor-row\">\n\t\t\t\t\t<div class=\"elementor-column elementor-col-100 elementor-top-column elementor-element elementor-element-19d883e\" data-id=\"19d883e\" data-element_type=\"column\">\n\t\t\t<div class=\"elementor-column-wrap elementor-element-populated\">\n\t\t\t\t\t\t\t<div class=\"elementor-widget-wrap\">\n\t\t\t\t\t\t<div class=\"elementor-element elementor-element-c05eab3 elementor-widget elementor-widget-toggle\" data-id=\"c05eab3\" data-element_type=\"widget\" data-widget_type=\"toggle.default\">\n\t\t\t\t<div class=\"elementor-widget-container\">\n\t\t\t\t\t<div class=\"elementor-toggle\" role=\"tablist\">\n\t\t\t\t\t\t\t<div class=\"elementor-toggle-item\">\n\t\t\t\t\t<div id=\"elementor-tab-title-2011\" class=\"elementor-tab-title\" data-tab=\"1\" role=\"tab\" aria-controls=\"elementor-tab-content-2011\" aria-expanded=\"false\">\n\t\t\t\t\t\t\t\t\t\t\t\t<span class=\"elementor-toggle-icon elementor-toggle-icon-left\" aria-hidden=\"true\">\n\t\t\t\t\t\t\t\t\t\t\t\t\t\t\t<span class=\"elementor-toggle-icon-closed\"><i class=\"fas fa-caret-right\"><\/i><\/span>\n\t\t\t\t\t\t\t\t<span class=\"elementor-toggle-icon-opened\"><i class=\"elementor-toggle-icon-opened fas fa-caret-up\"><\/i><\/span>\n\t\t\t\t\t\t\t\t\t\t\t\t\t<\/span>\n\t\t\t\t\t\t\t\t\t\t\t\t<a href=\"\" class=\"elementor-toggle-title\">Referencias pol\u00edticas<\/a>\n\t\t\t\t\t<\/div>\n\n\t\t\t\t\t<div id=\"elementor-tab-content-2011\" class=\"elementor-tab-content elementor-clearfix\" data-tab=\"1\" role=\"tabpanel\" aria-labelledby=\"elementor-tab-title-2011\"><h3>Nuestras referencias pol\u00edticas. Selecci\u00f3n de obras de lectura imprescindible.<\/h3><h4><span style=\"color: #575757; font-family: 'Helvetica Neue', Helvetica, Arial, sans-serif; font-size: 14px; font-style: normal; font-variant-ligatures: normal; font-variant-caps: normal; font-weight: 300; letter-spacing: normal; orphans: 2; text-align: justify; text-indent: 0px; text-transform: none; white-space: normal; widows: 2; word-spacing: 0px; -webkit-text-stroke-width: 0.15px; background-color: #ffffff; text-decoration-style: initial; text-decoration-color: initial; display: inline !important; float: none;\">El Manifiesto Comunista de\u00a0<\/span><strong style=\"margin: 0px; padding: 0px; border: 0px; outline: 0px; font-style: normal; font-variant-ligatures: normal; font-variant-caps: normal; font-variant-numeric: inherit; font-variant-east-asian: inherit; font-weight: bold; font-stretch: inherit; font-size: 14px; line-height: inherit; font-family: 'Helvetica Neue', Helvetica, Arial, sans-serif; vertical-align: baseline; color: #575757; letter-spacing: normal; orphans: 2; text-align: justify; text-indent: 0px; text-transform: none; white-space: normal; widows: 2; word-spacing: 0px; -webkit-text-stroke-width: 0.15px; background-color: #ffffff; text-decoration-style: initial; text-decoration-color: initial;\">C. Marx &amp; F. Engels\u00a0\u00a0\u00a0 <a href=\"https:\/\/www.marxists.org\/espanol\/m-e\/1840s\/48-manif.htm\">Sitio Web<\/a> \/ <a href=\"https:\/\/vozobrera.org\/periodico\/wp-content\/uploads\/2015\/07\/manifiesto1848.pdf\">Pdf (Descarga)<\/a><\/strong><\/h4><h4><span style=\"color: #575757; font-family: 'Helvetica Neue', Helvetica, Arial, sans-serif; font-size: 14px; font-style: normal; font-variant-ligatures: normal; font-variant-caps: normal; font-weight: 300; letter-spacing: normal; orphans: 2; text-align: justify; text-indent: 0px; text-transform: none; white-space: normal; widows: 2; word-spacing: 0px; -webkit-text-stroke-width: 0.15px; background-color: #ffffff; text-decoration-style: initial; text-decoration-color: initial; display: inline !important; float: none;\">Los cuatro primeros congresos de la\u00a0<\/span><strong style=\"margin: 0px; padding: 0px; border: 0px; outline: 0px; font-style: normal; font-variant-ligatures: normal; font-variant-caps: normal; font-variant-numeric: inherit; font-variant-east-asian: inherit; font-weight: bold; font-stretch: inherit; font-size: 14px; line-height: inherit; font-family: 'Helvetica Neue', Helvetica, Arial, sans-serif; vertical-align: baseline; color: #575757; letter-spacing: normal; orphans: 2; text-align: justify; text-indent: 0px; text-transform: none; white-space: normal; widows: 2; word-spacing: 0px; -webkit-text-stroke-width: 0.15px; background-color: #ffffff; text-decoration-style: initial; text-decoration-color: initial;\">III Internacional\u00a0\u00a0\u00a0\u00a0\u00a0<a href=\"https:\/\/vozobrera.org\/periodico\/wp-content\/uploads\/2012\/01\/cuatroprimerosICvolumen1.pdf\"> I y II<\/a> \/ <a href=\"https:\/\/vozobrera.org\/periodico\/wp-content\/uploads\/2012\/01\/cuatroprimerosICvolumen2.pdf\">III y IV<\/a><br \/><\/strong><\/h4><h4><strong style=\"margin: 0px; padding: 0px; border: 0px; outline: 0px; font-style: normal; font-variant-ligatures: normal; font-variant-caps: normal; font-variant-numeric: inherit; font-variant-east-asian: inherit; font-weight: bold; font-stretch: inherit; font-size: 14px; line-height: inherit; font-family: 'Helvetica Neue', Helvetica, Arial, sans-serif; vertical-align: baseline; color: #575757; letter-spacing: normal; orphans: 2; text-align: justify; text-indent: 0px; text-transform: none; white-space: normal; widows: 2; word-spacing: 0px; -webkit-text-stroke-width: 0.15px; background-color: #ffffff; text-decoration-style: initial; text-decoration-color: initial;\"><span style=\"color: #575757; font-family: 'Helvetica Neue', Helvetica, Arial, sans-serif; font-size: 14px; font-style: normal; font-variant-ligatures: normal; font-variant-caps: normal; font-weight: 300; letter-spacing: normal; orphans: 2; text-align: justify; text-indent: 0px; text-transform: none; white-space: normal; widows: 2; word-spacing: 0px; -webkit-text-stroke-width: 0.15px; background-color: #ffffff; text-decoration-style: initial; text-decoration-color: initial; display: inline !important; float: none;\">El\u00a0<\/span><a style=\"margin: 0px; padding: 0px; border: 0px; outline: 0px; font-style: normal; font-variant-ligatures: normal; font-variant-caps: normal; font-variant-numeric: inherit; font-variant-east-asian: inherit; font-weight: 300; font-stretch: inherit; font-size: 14px; line-height: inherit; font-family: 'Helvetica Neue', Helvetica, Arial, sans-serif; vertical-align: baseline; color: #005fa1; text-decoration: underline; -webkit-font-smoothing: antialiased; text-shadow: rgba(0, 0, 0, 0.004) 1px 1px 1px; letter-spacing: normal; orphans: 2; text-align: justify; text-indent: 0px; text-transform: none; white-space: normal; widows: 2; word-spacing: 0px; -webkit-text-stroke-width: 0.15px; background-color: #ffffff;\" title=\"El Programa de transici\u00f3n\" href=\"https:\/\/vozobrera.org\/periodico\/wp-content\/uploads\/2012\/01\/Programa-de-transici%C3%B3n.htm\">Programa de transici\u00f3n<\/a><span style=\"color: #575757; font-family: 'Helvetica Neue', Helvetica, Arial, sans-serif; font-size: 14px; font-style: normal; font-variant-ligatures: normal; font-variant-caps: normal; font-weight: 300; letter-spacing: normal; orphans: 2; text-align: justify; text-indent: 0px; text-transform: none; white-space: normal; widows: 2; word-spacing: 0px; -webkit-text-stroke-width: 0.15px; background-color: #ffffff; text-decoration-style: initial; text-decoration-color: initial; display: inline !important; float: none;\">\u00a0de\u00a0<\/span><strong style=\"margin: 0px; padding: 0px; border: 0px; outline: 0px; font-style: normal; font-variant-ligatures: normal; font-variant-caps: normal; font-variant-numeric: inherit; font-variant-east-asian: inherit; font-weight: bold; font-stretch: inherit; font-size: 14px; line-height: inherit; font-family: 'Helvetica Neue', Helvetica, Arial, sans-serif; vertical-align: baseline; color: #575757; letter-spacing: normal; orphans: 2; text-align: justify; text-indent: 0px; text-transform: none; white-space: normal; widows: 2; word-spacing: 0px; -webkit-text-stroke-width: 0.15px; background-color: #ffffff; text-decoration-style: initial; text-decoration-color: initial;\">Le\u00f3n Trotski<\/strong><\/strong><\/h4><\/div>\n\t\t\t\t<\/div>\n\t\t\t\t\t\t\t<div class=\"elementor-toggle-item\">\n\t\t\t\t\t<div id=\"elementor-tab-title-2012\" class=\"elementor-tab-title\" data-tab=\"2\" role=\"tab\" aria-controls=\"elementor-tab-content-2012\" aria-expanded=\"false\">\n\t\t\t\t\t\t\t\t\t\t\t\t<span class=\"elementor-toggle-icon elementor-toggle-icon-left\" aria-hidden=\"true\">\n\t\t\t\t\t\t\t\t\t\t\t\t\t\t\t<span class=\"elementor-toggle-icon-closed\"><i class=\"fas fa-caret-right\"><\/i><\/span>\n\t\t\t\t\t\t\t\t<span class=\"elementor-toggle-icon-opened\"><i class=\"elementor-toggle-icon-opened fas fa-caret-up\"><\/i><\/span>\n\t\t\t\t\t\t\t\t\t\t\t\t\t<\/span>\n\t\t\t\t\t\t\t\t\t\t\t\t<a href=\"\" class=\"elementor-toggle-title\">Literatura<\/a>\n\t\t\t\t\t<\/div>\n\n\t\t\t\t\t<div id=\"elementor-tab-content-2012\" class=\"elementor-tab-content elementor-clearfix\" data-tab=\"2\" role=\"tabpanel\" aria-labelledby=\"elementor-tab-title-2012\"><p>El hombre no s\u00f3lo vive de pan, y un militante comunista no s\u00f3lo vive de teor\u00eda marxista. Por eso ponemos aqu\u00ed algunas obras interesantes de la literatura que nos ayudan a entender la humanidad, nuestra \u00fanica patria.<\/p><ul><li><a title=\"Espartaco, Howard Fast\" href=\"https:\/\/vozobrera.org\/periodico\/wp-content\/uploads\/2016\/04\/espartaco.pdf\">Espartaco<\/a>, <strong>Howard Fast<\/strong><\/li><li><a title=\"La rebeli\u00f3n de los colgados, B. Traven\" href=\"https:\/\/books.google.com.mx\/books?id=wdZ21Cmx4HAC&amp;lpg=PP1&amp;hl=es&amp;pg=PP1#v=onepage&amp;q&amp;f=false\">La rebeli\u00f3n de los colgados<\/a>, <strong>B. Traven<\/strong><\/li><li><a title=\"Germinal, \u00c9mile Zola\" href=\"https:\/\/es.wikisource.org\/wiki\/Germinal\">Germinal<\/a>, <strong>\u00c9mile Zola<\/strong><\/li><li><a title=\"Sin novedad en el frente, E. M. Remarque\" href=\"https:\/\/vozobrera.org\/periodico\/wp-content\/uploads\/2016\/04\/erich-maria-remarque-sin-novedad-en-el-frente.pdf\">Sin novedad en el frente<\/a>, <strong>E. M. Remarque<\/strong><\/li><li>Las uvas de la ira (<a title=\"Las uvas de la ira (parte 1), John Steinbeck\" href=\"https:\/\/vozobrera.org\/periodico\/wp-content\/uploads\/2015\/06\/lasuvas_steinbeck.html\">parte 1<\/a> \u2013 <a title=\"Las uvas de la ira (parte 2), John Steinbeck\" href=\"https:\/\/vozobrera.org\/periodico\/wp-content\/uploads\/2015\/06\/lasuvas_steinbeck_2.html\">parte 2<\/a>), <strong>John Steinbeck<\/strong><\/li><li><a title=\"R\u00e9quiem por un campesino espa\u00f1ol, Ram\u00f3n J. Sender\" href=\"https:\/\/vozobrera.org\/periodico\/wp-content\/uploads\/2016\/04\/Ramon-J.-Sender-Requiem-por-un-campesino-espa\u00f1ol.pdf\">R\u00e9quiem por un campesino espa\u00f1ol<\/a>, <strong>Ram\u00f3n J. Sender<\/strong><\/li><li><a title=\"Por qui\u00e9n doblan las campanas, Ernest Hemingway\" href=\"https:\/\/vozobrera.org\/periodico\/wp-content\/uploads\/2016\/04\/Hemingway-Ernest-For-Whom-the-Bells-toll-Xx-En-Sp.pdf\">Por qui\u00e9n doblan las campanas<\/a>, <strong>Ernest Hemingway<\/strong><\/li><li><a title=\"La colmena, Camilo Jos\u00e9 Cela\" href=\"https:\/\/vozobrera.org\/periodico\/wp-content\/uploads\/2016\/04\/La-Colmena.pdf\">La colmena<\/a>, <strong>Camilo Jos\u00e9 Cela<\/strong><\/li><li><a title=\"La miseria de los Zapatos, H. G. Wells\" href=\"https:\/\/vozobrera.org\/periodico\/wp-content\/uploads\/2016\/04\/la-miseria-de-los-zapatos.pdf\">La miseria de los zapatos<\/a>, <strong>H. G. Wells<\/strong><\/li><li><a title=\"La huelga general, Jack London\" href=\"https:\/\/vozobrera.org\/periodico\/wp-content\/uploads\/2012\/08\/La_huelga_general.pdf\">La huelga general (el sue\u00f1o de Debs)<\/a>, <strong>Jack London<\/strong><\/li><li><a title=\"El cuento del agua, Edward Bellamy\" href=\"https:\/\/vozobrera.org\/periodico\/el-mercado-edward-bellamy\/\">El cuento del agua<\/a>, <strong>Edward Bellamy<\/strong><\/li><li><a title=\"Ara\u00f1as y moscas, Wilhelm Liebknecht\" href=\"https:\/\/vozobrera.org\/periodico\/wp-content\/uploads\/2016\/04\/arac3b1asymoscas.pdf\">Ara\u00f1as y moscas<\/a>, <strong>Wilhelm Liebknecht<\/strong><\/li><\/ul><\/div>\n\t\t\t\t<\/div>\n\t\t\t\t\t\t\t<div class=\"elementor-toggle-item\">\n\t\t\t\t\t<div id=\"elementor-tab-title-2013\" class=\"elementor-tab-title\" data-tab=\"3\" role=\"tab\" aria-controls=\"elementor-tab-content-2013\" aria-expanded=\"false\">\n\t\t\t\t\t\t\t\t\t\t\t\t<span class=\"elementor-toggle-icon elementor-toggle-icon-left\" aria-hidden=\"true\">\n\t\t\t\t\t\t\t\t\t\t\t\t\t\t\t<span class=\"elementor-toggle-icon-closed\"><i class=\"fas fa-caret-right\"><\/i><\/span>\n\t\t\t\t\t\t\t\t<span class=\"elementor-toggle-icon-opened\"><i class=\"elementor-toggle-icon-opened fas fa-caret-up\"><\/i><\/span>\n\t\t\t\t\t\t\t\t\t\t\t\t\t<\/span>\n\t\t\t\t\t\t\t\t\t\t\t\t<a href=\"\" class=\"elementor-toggle-title\">Documentos de Voz Obrera<\/a>\n\t\t\t\t\t<\/div>\n\n\t\t\t\t\t<div id=\"elementor-tab-content-2013\" class=\"elementor-tab-content elementor-clearfix\" data-tab=\"3\" role=\"tabpanel\" aria-labelledby=\"elementor-tab-title-2013\"><p>Nuestros planteamientos en el periodo actual:<\/p><ul><li><a title=\"Ante la crisis, los objetivos inmediatos de Voz Obrera\" href=\"https:\/\/vozobrera.org\/periodico\/ante-la-crisis-los-objetivos-inmediatos-de-voz-obrera\/\">Ante la crisis, los objetivos inmediatos de Voz Obrera<\/a><\/li><li>La crisis econ\u00f3mica internacional y su reflejo en Espa\u00f1a (<a title=\"La crisis econ\u00f3mica internacional y su reflejo en Espa\u00f1a\" href=\"https:\/\/vozobrera.org\/periodico\/la-crisis-economica-internacional-y-su-reflejo-en-espana-2\/\">Lucha de Clase \u2013 2011<\/a>)<\/li><li><a href=\"https:\/\/vozobrera.org\/periodico\/que-ideas-defiende-voz-obrera\/\">\u00bfQu\u00e9 ideas defiende Voz Obrera?<\/a><\/li><li><a href=\"https:\/\/vozobrera.org\/periodico\/el-proletariado-hoy-en-dia\/\">El proletariado hoy en d\u00eda<\/a>\u00a0(marzo de 2011)<\/li><\/ul><p>Art\u00edculos publicados en la revista Lucha de Clase sobre la Transici\u00f3n:<\/p><ul><li>La Transici\u00f3n 36 a\u00f1os despu\u00e9s y la segunda Transici\u00f3n que se plantea (<a title=\"La Transici\u00f3n 36 a\u00f1os despu\u00e9s y la segunda Transici\u00f3n que se plantea\" href=\"https:\/\/vozobrera.org\/periodico\/lucha-de-clase-la-transicion-36-anos-despues-y-la-segunda-transicion-que-se-plantea\/\">Lucha de Clase \u2013 2015<\/a>)<\/li><li>25 a\u00f1os de la constituci\u00f3n en sindicato de CCOO (<a title=\"25 a\u00f1os de la constituci\u00f3n en sindicato de CCOO\" href=\"https:\/\/vozobrera.org\/periodico\/25-anos-de-la-constitucion-en-sindicato-de-ccoo\/\">Lucha de Clase \u2013 2001<\/a>)<\/li><li>La Transici\u00f3n, o como los partidos de izquierda permitieron a la burgues\u00eda espa\u00f1ola salir adelante (<a title=\"La Transici\u00f3n, o como los partidos de izquierda permitieron a la burgues\u00eda espa\u00f1ola salir adelante\" href=\"https:\/\/vozobrera.org\/periodico\/la-transicion-o-como-los-partidos-de-izquierda-permitieron-a-la-burguesia-espanola-salir-adelante\/\">Lucha de Clase \u2013 1995<\/a>)<\/li><\/ul><p>El movimiento obrero espa\u00f1ol antes y durante el franquismo:<\/p><ul><li><a title=\"El movimiento obrero bajo el franquismo\" href=\"https:\/\/vozobrera.org\/periodico\/el-movimiento-obrero-bajo-el-franquismo\/\">El movimiento obrero bajo el franquismo<\/a><\/li><li><a title=\"Espa\u00f1a 1931-1937 \u2013 la pol\u00edtica de Frente Popular en contra de la revoluci\u00f3n obrera\" href=\"https:\/\/vozobrera.org\/periodico\/espana-1931-1937-la-politica-de-frente-popular-en-contra-de-la-revolucion-obrera\/\">Espa\u00f1a 1931-1937 \u2013 la pol\u00edtica de Frente Popular en contra de la revoluci\u00f3n obrera<\/a>\u00a0(febrero de 2006)<\/li><li><a title=\"La expansi\u00f3n del movimiento obrero en Espa\u00f1a, del principio del siglo XX hasta la Segunda Rep\u00fablica\" href=\"https:\/\/vozobrera.org\/periodico\/la-expansion-del-movimiento-obrero-en-espana-desde-el-principio-del-siglo-xx-hasta-la-segunda-republica\/\">La expansi\u00f3n del movimiento obrero en Espa\u00f1a<\/a>, del principio del siglo XX hasta la Segunda Rep\u00fablica<\/li><\/ul><p>Otras publicaciones:<\/p><ul><li><a title=\"Ante las elecciones generales del 20 de Diciembre, \u00a1con los trabajadores, contra el capitalismo y sus servidores pol\u00edticos!\" href=\"https:\/\/vozobrera.org\/periodico\/wp-content\/uploads\/2015\/11\/folleto4_dec2015.pdf\">Ante las elecciones del 20-D<\/a>, \u00a1con los trabajadores, contra el capitalismo y sus servidores pol\u00edticos! (diciembre de 2015)<\/li><li><a title=\"El 1\u00b0 de Mayo, d\u00eda internacional de los trabajadores\" href=\"https:\/\/vozobrera.org\/periodico\/el-1-de-mayo-dia-internacional-de-los-trabajadores\/\">El 1\u00b0 de Mayo, d\u00eda internacional de los trabajadores<\/a>\u00a0(mayo de 2005)<\/li><li><a title=\"Las religiones y las mujeres\" href=\"https:\/\/vozobrera.org\/periodico\/las-religiones-y-las-mujeres\/\">Las religiones y las mujeres<\/a>\u00a0(noviembre de 2005)<\/li><li><a title=\"30 a\u00f1os del golpe de Estado de Pinochet en Chile: lecciones de una tragedia\" href=\"http:\/\/www.union-communiste.org\/es\/2003-10\/chile-de-la-unidad-popular-a-la-dictadura-militar-1521\">30 a\u00f1os del golpe de Estado de Pinochet en Chile: lecciones de una tragedia<\/a>\u00a0(septiembre de 1985, traducido del franc\u00e9s en octubre de 2003)<\/li><\/ul><\/div>\n\t\t\t\t<\/div>\n\t\t\t\t\t\t\t<div class=\"elementor-toggle-item\">\n\t\t\t\t\t<div id=\"elementor-tab-title-2014\" class=\"elementor-tab-title\" data-tab=\"4\" role=\"tab\" aria-controls=\"elementor-tab-content-2014\" aria-expanded=\"false\">\n\t\t\t\t\t\t\t\t\t\t\t\t<span class=\"elementor-toggle-icon elementor-toggle-icon-left\" aria-hidden=\"true\">\n\t\t\t\t\t\t\t\t\t\t\t\t\t\t\t<span class=\"elementor-toggle-icon-closed\"><i class=\"fas fa-caret-right\"><\/i><\/span>\n\t\t\t\t\t\t\t\t<span class=\"elementor-toggle-icon-opened\"><i class=\"elementor-toggle-icon-opened fas fa-caret-up\"><\/i><\/span>\n\t\t\t\t\t\t\t\t\t\t\t\t\t<\/span>\n\t\t\t\t\t\t\t\t\t\t\t\t<a href=\"\" class=\"elementor-toggle-title\">Archivos multimedia<\/a>\n\t\t\t\t\t<\/div>\n\n\t\t\t\t\t<div id=\"elementor-tab-content-2014\" class=\"elementor-tab-content elementor-clearfix\" data-tab=\"4\" role=\"tabpanel\" aria-labelledby=\"elementor-tab-title-2014\"><p>Grabaciones de reuniones p\u00fablicas de Voz Obrera:<\/p><ul><li><a title=\"La Revoluci\u00f3n Rusa y las mujeres (audio)\" href=\"https:\/\/vozobrera.org\/periodico\/la-revolucion-rusa-y-las-mujeres\/\">La Revoluci\u00f3n Rusa y las mujeres<\/a>\u00a0(17 de\u00a0marzo de 2017)<\/li><li><a title=\"1917-2017: actualidad de la revoluci\u00f3n comunista (audio)\" href=\"https:\/\/vozobrera.org\/periodico\/1917-2017-actualidad-de-la-revolucion-comunista\/\">1917-2017: actualidad de la revoluci\u00f3n comunista<\/a>\u00a0(10 de febrero de 2017)<\/li><li><a title=\"Despu\u00e9s de las elecciones del 20-D, \u00bfqu\u00e9 perspectivas para la clase trabajadora? (audio)\" href=\"https:\/\/vozobrera.org\/periodico\/despues-de-las-elecciones-del-20-d-que-perspectivas-para-la-clase-trabajadora\/\">Despu\u00e9s de las elecciones del 20-D, \u00bfqu\u00e9 perspectivas para la clase trabajadora?<\/a>\u00a0(22 de enero de 2016)<\/li><li><a title=\"Ante las elecciones del 20-D, con los trabajadores, contra el capitalismo y sus servidores pol\u00edticos (audio)\" href=\"https:\/\/vozobrera.org\/periodico\/charla-publica-elecciones-20d\">Ante las elecciones del 20-D, con los trabajadores, contra el capitalismo y sus servidores pol\u00edticos<\/a>\u00a0(11 de diciembre de 2015)<\/li><\/ul><p>Documentales:<\/p><ul><li><a title=\"C\u00f3mo funciona el capitalismo (v\u00eddeo)\" href=\"https:\/\/vozobrera.org\/periodico\/como-funciona-el-capitalismo-video\/\">C\u00f3mo funciona el capitalismo<\/a>\u00a0(un documental de Ana Colchera)<\/li><li><a title=\"\u00c1frica 50 (v\u00eddeo)\" href=\"https:\/\/vozobrera.org\/periodico\/africa-50-video\">\u00c1frica 50<\/a>\u00a0(un corto reportaje del a\u00f1o 1956, un cl\u00e1sico contra el colonialismo y el imperialismo)<\/li><li><a title=\"Hay una luz en Asturias... (v\u00eddeo)\" href=\"https:\/\/vozobrera.org\/periodico\/hay-una-luz-en-asturias-video\/\">Hay una luz en Asturias\u2026<\/a>\u00a0(testimonios de la gran huelga de 1962)<\/li><li><a title=\"La esperanza traicionada (v\u00eddeo)\" href=\"https:\/\/vozobrera.org\/periodico\/la-esperanza-traicionada-video\">La esperanza traicionada<\/a>\u00a0(documental de la UCI sobre la Revoluci\u00f3n espa\u00f1ola y la guerra civil)<\/li><\/ul><\/div>\n\t\t\t\t<\/div>\n\t\t\t\t\t\t\t\t<\/div>\n\t\t\t\t<\/div>\n\t\t\t\t<\/div>\n\t\t\t\t\t\t<\/div>\n\t\t\t\t\t<\/div>\n\t\t<\/div>\n\t\t\t\t\t\t\t\t<\/div>\n\t\t\t\t\t<\/div>\n\t\t<\/section>\n\t\t\t\t\t\t\t\t\t<\/div>\n\t\t\t<\/div>\n\t\t\t\t\t<\/div>\n\t\t","protected":false},"excerpt":{"rendered":"<p>Aqu\u00ed se encuentran publicados diversos t\u00edtulos sobre pol\u00edtica, marxismo, socialismo. Una literatura imprescindible. Referencias pol\u00edticas Nuestras referencias pol\u00edticas. Selecci\u00f3n de obras de lectura imprescindible. El Manifiesto Comunista de\u00a0C. Marx &amp; F. Engels\u00a0\u00a0\u00a0 Sitio Web \/ Pdf (Descarga) Los cuatro primeros congresos de la\u00a0III Internacional\u00a0\u00a0\u00a0\u00a0\u00a0 I y II \/ III y IV El\u00a0Programa de transici\u00f3n\u00a0de\u00a0Le\u00f3n Trotski&hellip;&nbsp;<a href=\"https:\/\/vozobrera.org\/periodico\/biblioteca\/\" rel=\"bookmark\">Leer m\u00e1s &raquo;<span class=\"screen-reader-text\">Biblioteca<\/span><\/a><\/p>\n","protected":false},"author":5,"featured_media":0,"parent":0,"menu_order":0,"comment_status":"closed","ping_status":"closed","template":"","meta":{"neve_meta_sidebar":"","neve_meta_container":"","neve_meta_enable_content_width":"off","neve_meta_content_width":0,"neve_meta_title_alignment":"","neve_meta_author_avatar":"","neve_post_elements_order":"","neve_meta_disable_header":"","neve_meta_disable_footer":"","neve_meta_disable_title":"","footnotes":""},"class_list":["post-5761","page","type-page","status-publish","hentry"],"_links":{"self":[{"href":"https:\/\/vozobrera.org\/periodico\/wp-json\/wp\/v2\/pages\/5761","targetHints":{"allow":["GET"]}}],"collection":[{"href":"https:\/\/vozobrera.org\/periodico\/wp-json\/wp\/v2\/pages"}],"about":[{"href":"https:\/\/vozobrera.org\/periodico\/wp-json\/wp\/v2\/types\/page"}],"author":[{"embeddable":true,"href":"https:\/\/vozobrera.org\/periodico\/wp-json\/wp\/v2\/users\/5"}],"replies":[{"embeddable":true,"href":"https:\/\/vozobrera.org\/periodico\/wp-json\/wp\/v2\/comments?post=5761"}],"version-history":[{"count":25,"href":"https:\/\/vozobrera.org\/periodico\/wp-json\/wp\/v2\/pages\/5761\/revisions"}],"predecessor-version":[{"id":12857,"href":"https:\/\/vozobrera.org\/periodico\/wp-json\/wp\/v2\/pages\/5761\/revisions\/12857"}],"wp:attachment":[{"href":"https:\/\/vozobrera.org\/periodico\/wp-json\/wp\/v2\/media?parent=5761"}],"curies":[{"name":"wp","href":"https:\/\/api.w.org\/{rel}","templated":true}]}}