{"id":5698,"date":"2016-04-13T10:29:02","date_gmt":"2016-04-13T10:29:02","guid":{"rendered":"http:\/\/vozobrera.org\/periodico\/?page_id=5698"},"modified":"2018-03-01T22:23:30","modified_gmt":"2018-03-01T20:23:30","slug":"documentos-de-voz-obrera","status":"publish","type":"page","link":"https:\/\/vozobrera.org\/periodico\/biblioteca\/documentos-de-voz-obrera\/","title":{"rendered":"Documentos de Voz Obrera"},"content":{"rendered":"<p>Nuestros planteamientos en el periodo actual:<\/p>\n<ul>\n<li><a title=\"Ante la crisis, los objetivos inmediatos de Voz Obrera\" href=\"https:\/\/vozobrera.org\/periodico\/ante-la-crisis-los-objetivos-inmediatos-de-voz-obrera\/\">Ante la crisis, los objetivos inmediatos de Voz Obrera<\/a><\/li>\n<li>La crisis econ\u00f3mica internacional y su reflejo en Espa\u00f1a (<a title=\"La crisis econ\u00f3mica internacional y su reflejo en Espa\u00f1a\" href=\"https:\/\/vozobrera.org\/periodico\/la-crisis-economica-internacional-y-su-reflejo-en-espana-2\/\">Lucha de Clase \u2013 2011<\/a>)<\/li>\n<li><a href=\"https:\/\/vozobrera.org\/periodico\/que-ideas-defiende-voz-obrera\/\">\u00bfQu\u00e9 ideas defiende Voz Obrera?<\/a><\/li>\n<li><a href=\"https:\/\/vozobrera.org\/periodico\/el-proletariado-hoy-en-dia\/\">El proletariado hoy en d\u00eda<\/a> (marzo de 2011)<\/li>\n<\/ul>\n<p>Art\u00edculos publicados en la revista Lucha de Clase sobre la Transici\u00f3n:<\/p>\n<ul>\n<li>La Transici\u00f3n 36 a\u00f1os despu\u00e9s y la segunda Transici\u00f3n que se plantea (<a title=\"La Transici\u00f3n 36 a\u00f1os despu\u00e9s y la segunda Transici\u00f3n que se plantea\" href=\"https:\/\/vozobrera.org\/periodico\/lucha-de-clase-la-transicion-36-anos-despues-y-la-segunda-transicion-que-se-plantea\/\">Lucha de Clase &#8211; 2015<\/a>)<\/li>\n<li>25 a\u00f1os de la constituci\u00f3n en sindicato de CCOO (<a title=\"25 a\u00f1os de la constituci\u00f3n en sindicato de CCOO\" href=\"https:\/\/vozobrera.org\/periodico\/25-anos-de-la-constitucion-en-sindicato-de-ccoo\/\">Lucha de Clase &#8211; 2001<\/a>)<\/li>\n<li>La Transici\u00f3n, o como los partidos de izquierda permitieron a la burgues\u00eda espa\u00f1ola salir adelante (<a title=\"La Transici\u00f3n, o como los partidos de izquierda permitieron a la burgues\u00eda espa\u00f1ola salir adelante\" href=\"https:\/\/vozobrera.org\/periodico\/la-transicion-o-como-los-partidos-de-izquierda-permitieron-a-la-burguesia-espanola-salir-adelante\/\">Lucha de Clase &#8211; 1995<\/a>)<\/li>\n<\/ul>\n<p>El movimiento obrero espa\u00f1ol antes y durante el franquismo:<\/p>\n<ul>\n<li><a title=\"El movimiento obrero bajo el franquismo\" href=\"https:\/\/vozobrera.org\/periodico\/el-movimiento-obrero-bajo-el-franquismo\/\">El movimiento obrero bajo el franquismo<\/a><\/li>\n<li><a title=\"Espa\u00f1a 1931-1937 \u2013 la pol\u00edtica de Frente Popular en contra de la revoluci\u00f3n obrera\" href=\"https:\/\/vozobrera.org\/periodico\/espana-1931-1937-la-politica-de-frente-popular-en-contra-de-la-revolucion-obrera\/\">Espa\u00f1a 1931-1937 \u2013 la pol\u00edtica de Frente Popular en contra de la revoluci\u00f3n obrera<\/a> (febrero de 2006)<\/li>\n<li><a title=\"La expansi\u00f3n del movimiento obrero en Espa\u00f1a, del principio del siglo XX hasta la Segunda Rep\u00fablica\" href=\"https:\/\/vozobrera.org\/periodico\/la-expansion-del-movimiento-obrero-en-espana-desde-el-principio-del-siglo-xx-hasta-la-segunda-republica\/\">La expansi\u00f3n del movimiento obrero en Espa\u00f1a<\/a>, del principio del siglo XX hasta la Segunda Rep\u00fablica<\/li>\n<\/ul>\n<p>Otras publicaciones:<\/p>\n<ul>\n<li><a href=\"https:\/\/vozobrera.org\/periodico\/wp-content\/uploads\/2015\/11\/folleto4_dec2015.pdf\" title=\"Ante las elecciones generales del 20 de Diciembre, \u00a1con los trabajadores, contra el capitalismo y sus servidores pol\u00edticos!\">Ante las elecciones del 20-D<\/a>, \u00a1con los trabajadores, contra el capitalismo y sus servidores pol\u00edticos! (diciembre de 2015)<\/li>\n<li><a href=\"https:\/\/vozobrera.org\/periodico\/el-1-de-mayo-dia-internacional-de-los-trabajadores\/\" title=\"El 1\u00b0 de Mayo, d\u00eda internacional de los trabajadores\">El 1\u00b0 de Mayo, d\u00eda internacional de los trabajadores<\/a> (mayo de 2005)<\/li>\n<li><a href=\"https:\/\/vozobrera.org\/periodico\/las-religiones-y-las-mujeres\/\" title=\"Las religiones y las mujeres\">Las religiones y las mujeres<\/a> (noviembre de 2005)<\/li>\n<li><a href=\"http:\/\/www.union-communiste.org\/es\/2003-10\/chile-de-la-unidad-popular-a-la-dictadura-militar-1521\" title=\"30 a\u00f1os del golpe de Estado de Pinochet en Chile: lecciones de una tragedia\">30 a\u00f1os del golpe de Estado de Pinochet en Chile: lecciones de una tragedia<\/a> (septiembre de 1985, traducido del franc\u00e9s en octubre de 2003)<\/li>\n<\/ul>\n","protected":false},"excerpt":{"rendered":"<p>Nuestros planteamientos en el periodo actual: Ante la crisis, los objetivos inmediatos de Voz Obrera La crisis econ\u00f3mica internacional y su reflejo en Espa\u00f1a (Lucha de Clase \u2013 2011) \u00bfQu\u00e9 ideas defiende Voz Obrera? El proletariado hoy en d\u00eda (marzo de 2011) Art\u00edculos publicados en la revista Lucha de Clase sobre la Transici\u00f3n: La Transici\u00f3n&hellip;&nbsp;<a href=\"https:\/\/vozobrera.org\/periodico\/biblioteca\/documentos-de-voz-obrera\/\" rel=\"bookmark\">Leer m\u00e1s &raquo;<span class=\"screen-reader-text\">Documentos de Voz Obrera<\/span><\/a><\/p>\n","protected":false},"author":5,"featured_media":0,"parent":5761,"menu_order":0,"comment_status":"closed","ping_status":"closed","template":"","meta":{"neve_meta_sidebar":"","neve_meta_container":"","neve_meta_enable_content_width":"","neve_meta_content_width":70,"neve_meta_title_alignment":"","neve_meta_author_avatar":"","neve_post_elements_order":"","neve_meta_disable_header":"","neve_meta_disable_footer":"","neve_meta_disable_title":"","footnotes":""},"class_list":["post-5698","page","type-page","status-publish","hentry"],"_links":{"self":[{"href":"https:\/\/vozobrera.org\/periodico\/wp-json\/wp\/v2\/pages\/5698","targetHints":{"allow":["GET"]}}],"collection":[{"href":"https:\/\/vozobrera.org\/periodico\/wp-json\/wp\/v2\/pages"}],"about":[{"href":"https:\/\/vozobrera.org\/periodico\/wp-json\/wp\/v2\/types\/page"}],"author":[{"embeddable":true,"href":"https:\/\/vozobrera.org\/periodico\/wp-json\/wp\/v2\/users\/5"}],"replies":[{"embeddable":true,"href":"https:\/\/vozobrera.org\/periodico\/wp-json\/wp\/v2\/comments?post=5698"}],"version-history":[{"count":41,"href":"https:\/\/vozobrera.org\/periodico\/wp-json\/wp\/v2\/pages\/5698\/revisions"}],"predecessor-version":[{"id":6555,"href":"https:\/\/vozobrera.org\/periodico\/wp-json\/wp\/v2\/pages\/5698\/revisions\/6555"}],"up":[{"embeddable":true,"href":"https:\/\/vozobrera.org\/periodico\/wp-json\/wp\/v2\/pages\/5761"}],"wp:attachment":[{"href":"https:\/\/vozobrera.org\/periodico\/wp-json\/wp\/v2\/media?parent=5698"}],"curies":[{"name":"wp","href":"https:\/\/api.w.org\/{rel}","templated":true}]}}