{"id":302,"date":"2012-01-01T16:38:30","date_gmt":"2012-01-01T16:38:30","guid":{"rendered":"http:\/\/vozobrera.org\/periodico\/?page_id=302"},"modified":"2018-01-13T16:29:30","modified_gmt":"2018-01-13T14:29:30","slug":"referencias","status":"publish","type":"page","link":"https:\/\/vozobrera.org\/periodico\/biblioteca\/referencias\/","title":{"rendered":"Nuestras referencias pol\u00edticas"},"content":{"rendered":"<p>El Manifiesto Comunista de <strong>C. Marx &amp; F. Engels<\/strong> (<a title=\"El Manifiesto Comunista\" href=\"https:\/\/www.marxists.org\/espanol\/m-e\/1840s\/48-manif.htm\">p\u00e1gina web<\/a>, <a title=\"El Manifiesto Comunista, formato pdf\" href=\"https:\/\/vozobrera.org\/periodico\/wp-content\/uploads\/2015\/07\/manifiesto1848.pdf\">archivo pdf<\/a>)<\/p>\n<p>Los cuatro primeros congresos de la <strong>III Internacional<\/strong> (<a title=\"Primer y segundo congresos de la Internacional Comunista\" href=\"https:\/\/vozobrera.org\/periodico\/wp-content\/uploads\/2012\/01\/cuatroprimerosICvolumen1.pdf\">1-2<\/a>, <a title=\"Tercer y cuarto congresos de la Internacional Comunista\" href=\"https:\/\/vozobrera.org\/periodico\/wp-content\/uploads\/2012\/01\/cuatroprimerosICvolumen2.pdf\">3-4<\/a>)<\/p>\n<p>El <a title=\"El Programa de transici\u00f3n\" href=\"https:\/\/vozobrera.org\/periodico\/wp-content\/uploads\/2012\/01\/Programa-de-transici\u00f3n.htm\">Programa de transici\u00f3n<\/a> de <strong>Le\u00f3n Trotski<\/strong><\/p>\n<p>Sobre la Revoluci\u00f3n espa\u00f1ola y la guerra civil:<\/p>\n<ul>\n<li><a title=\"Jalones de derrota, promesa de victoria\" href=\"https:\/\/vozobrera.org\/periodico\/wp-content\/uploads\/2012\/01\/Munis-tomo4.pdf\">Jalones de derrota, promesa de victoria<\/a> de <strong>G. Munis<\/strong><\/li>\n<li><a title=\"Lecciones de Espa\u00f1a: \u00faltima advertencia\" href=\"https:\/\/vozobrera.org\/periodico\/lecciones-de-espana-ultima-advertencia\/\">Lecciones de Espa\u00f1a: \u00faltima advertencia<\/a> de <strong>Le\u00f3n Trotski<\/strong> (diciembre de 1937), y los otros escritos y cartas de Trotski en <a title=\"Escritos de Trotski sobre la Revoluci\u00f3n espa\u00f1ola en marxists.org\" href=\"https:\/\/www.marxists.org\/espanol\/trotsky\/rev-espan\/index.htm\">marxists.org<\/a> y en la web del <a title=\"Escritos de Trotski sobre la Revoluci\u00f3n espa\u00f1ola en la web del CEIP\" href=\"http:\/\/www.ceip.org.ar\/Escritos-sobre-Espana-Tomo-I-y-II-107\">CEIP<\/a><\/li>\n<\/ul>\n<p>Otros documentos:<\/p>\n<ul>\n<li><a title=\"Socializaci\u00f3n de la sociedad, Augusto Bebel\" href=\"https:\/\/vozobrera.org\/periodico\/wp-content\/uploads\/2012\/01\/l161.pdf\">Socializaci\u00f3n de la sociedad<\/a> de <strong>Augusto Bebel<\/strong><\/li>\n<li><a title=\"\u201cMarx y Engels\u201d, David Riazanov\" href=\"https:\/\/vozobrera.org\/periodico\/wp-content\/uploads\/2012\/01\/Riazanov.pdf\">Marx y Engels<\/a>, conferencias de <strong>David Riazanov<\/strong><\/li>\n<li><a title=\"Navidad en el asilo de noche\" href=\"https:\/\/vozobrera.org\/periodico\/navidad-en-el-asilo-de-noche\">Navidad en el asilo de noche<\/a> de <strong>Rosa Luxemburgo<\/strong><\/li>\n<\/ul>\n","protected":false},"excerpt":{"rendered":"<p>El Manifiesto Comunista de C. Marx &amp; F. Engels (p\u00e1gina web, archivo pdf) Los cuatro primeros congresos de la III Internacional (1-2, 3-4) El Programa de transici\u00f3n de Le\u00f3n Trotski Sobre la Revoluci\u00f3n espa\u00f1ola y la guerra civil: Jalones de derrota, promesa de victoria de G. Munis Lecciones de Espa\u00f1a: \u00faltima advertencia de Le\u00f3n Trotski&hellip;&nbsp;<a href=\"https:\/\/vozobrera.org\/periodico\/biblioteca\/referencias\/\" rel=\"bookmark\">Leer m\u00e1s &raquo;<span class=\"screen-reader-text\">Nuestras referencias pol\u00edticas<\/span><\/a><\/p>\n","protected":false},"author":3,"featured_media":0,"parent":5761,"menu_order":0,"comment_status":"closed","ping_status":"closed","template":"","meta":{"neve_meta_sidebar":"","neve_meta_container":"","neve_meta_enable_content_width":"","neve_meta_content_width":0,"neve_meta_title_alignment":"","neve_meta_author_avatar":"","neve_post_elements_order":"","neve_meta_disable_header":"","neve_meta_disable_footer":"","neve_meta_disable_title":"","footnotes":""},"class_list":["post-302","page","type-page","status-publish","hentry"],"_links":{"self":[{"href":"https:\/\/vozobrera.org\/periodico\/wp-json\/wp\/v2\/pages\/302","targetHints":{"allow":["GET"]}}],"collection":[{"href":"https:\/\/vozobrera.org\/periodico\/wp-json\/wp\/v2\/pages"}],"about":[{"href":"https:\/\/vozobrera.org\/periodico\/wp-json\/wp\/v2\/types\/page"}],"author":[{"embeddable":true,"href":"https:\/\/vozobrera.org\/periodico\/wp-json\/wp\/v2\/users\/3"}],"replies":[{"embeddable":true,"href":"https:\/\/vozobrera.org\/periodico\/wp-json\/wp\/v2\/comments?post=302"}],"version-history":[{"count":125,"href":"https:\/\/vozobrera.org\/periodico\/wp-json\/wp\/v2\/pages\/302\/revisions"}],"predecessor-version":[{"id":8254,"href":"https:\/\/vozobrera.org\/periodico\/wp-json\/wp\/v2\/pages\/302\/revisions\/8254"}],"up":[{"embeddable":true,"href":"https:\/\/vozobrera.org\/periodico\/wp-json\/wp\/v2\/pages\/5761"}],"wp:attachment":[{"href":"https:\/\/vozobrera.org\/periodico\/wp-json\/wp\/v2\/media?parent=302"}],"curies":[{"name":"wp","href":"https:\/\/api.w.org\/{rel}","templated":true}]}}