{"id":16590,"date":"2025-02-21T11:25:02","date_gmt":"2025-02-21T09:25:02","guid":{"rendered":"https:\/\/vozobrera.org\/periodico\/?page_id=16590"},"modified":"2025-02-21T11:30:45","modified_gmt":"2025-02-21T09:30:45","slug":"entradasinstagram","status":"publish","type":"page","link":"https:\/\/vozobrera.org\/periodico\/entradasinstagram\/","title":{"rendered":"Entradas de Instagram"},"content":{"rendered":"\t\t<div data-elementor-type=\"wp-page\" data-elementor-id=\"16590\" class=\"elementor elementor-16590\">\n\t\t\t\t\t\t<div class=\"elementor-inner\">\n\t\t\t\t<div class=\"elementor-section-wrap\">\n\t\t\t\t\t\t\t\t\t<section class=\"elementor-section elementor-top-section elementor-element elementor-element-44b4e3e elementor-section-boxed elementor-section-height-default elementor-section-height-default\" data-id=\"44b4e3e\" data-element_type=\"section\">\n\t\t\t\t\t\t<div class=\"elementor-container elementor-column-gap-default\">\n\t\t\t\t\t\t\t<div class=\"elementor-row\">\n\t\t\t\t\t<div class=\"elementor-column elementor-col-100 elementor-top-column elementor-element elementor-element-a2db2ce\" data-id=\"a2db2ce\" data-element_type=\"column\">\n\t\t\t<div class=\"elementor-column-wrap elementor-element-populated\">\n\t\t\t\t\t\t\t<div class=\"elementor-widget-wrap\">\n\t\t\t\t\t\t<div class=\"elementor-element elementor-element-7b76856 elementor-widget elementor-widget-heading\" data-id=\"7b76856\" data-element_type=\"widget\" data-widget_type=\"heading.default\">\n\t\t\t\t<div class=\"elementor-widget-container\">\n\t\t\t<h3 class=\"elementor-heading-title elementor-size-default\">Entradas publicadas en Instagram<\/h3>\t\t<\/div>\n\t\t\t\t<\/div>\n\t\t\t\t<div class=\"elementor-element elementor-element-bc691b9 elementor-widget elementor-widget-shortcode\" data-id=\"bc691b9\" data-element_type=\"widget\" data-widget_type=\"shortcode.default\">\n\t\t\t\t<div class=\"elementor-widget-container\">\n\t\t\t\t\t<div class=\"elementor-shortcode\"><p style=\"font-size:14px; font-weight: bold; line-height: 1;\">CONCENTRACI\u00d3N DE L@S TRABAJADOR@S DEL SAD DE VALENCINA DE LA CONCEPCI\u00d3N<\/p><a href=\"https:\/\/vozobrera.org\/periodico\/concentracion-de-ls-trabajadors-del-sad-de-valencina-de-la-concepcion\/\"><\/a><p style=\"text-indent:2em;text-align:justify;font-family:arial;line-height:1;font-size:14px;\">Este jueves 20 de marzo a las 12:00 horas, las trabajadoras del Servicio de Atenci\u00f3n a Domicilio van a concentrarse en frente del Ayuntamiento para que se las escuche en su defensa por sus derechos y que se conozca su caso. El sector de la dependenc<a href=\"https:\/\/vozobrera.org\/periodico\/concentracion-de-ls-trabajadors-del-sad-de-valencina-de-la-concepcion\/\"> Seguir leyendo...<\/a><\/p><hr><\/hr><p style=\"font-size:14px; font-weight: bold; line-height: 1;\">ENTRE MAFIOSOS EST\u00c1 EL JUEGO: TRUMP Y ZELENSKI PELEAN P\u00daBLICAMENTE<\/p><a href=\"https:\/\/vozobrera.org\/periodico\/entre-mafiosos-esta-el-juego-trump-y-zelenski-pelean-publicamente\/\"><\/a><p style=\"text-indent:2em;text-align:justify;font-family:arial;line-height:1;font-size:14px;\">La visita oficial del presidente ucraniano a Estados Unidos termin\u00f3 en un esc\u00e1ndalo mundial tras retransmitirse en directo la fuerte discusi\u00f3n entre Trump y Zelenski. Era la primera vez que se ve\u00eda p\u00fablicamente la intimidaci\u00f3n, la agresi\u00f3n ver<a href=\"https:\/\/vozobrera.org\/periodico\/entre-mafiosos-esta-el-juego-trump-y-zelenski-pelean-publicamente\/\"> Seguir leyendo...<\/a><\/p><hr><\/hr><p style=\"font-size:14px; font-weight: bold; line-height: 1;\">EXPLOTACI\u00d3N LABORAL EN PROSEGUR<\/p><a href=\"https:\/\/vozobrera.org\/periodico\/explotacion-laboral-en-prosegur\/\"><\/a><p style=\"text-indent:2em;text-align:justify;font-family:arial;line-height:1;font-size:14px;\">Hace escasos d\u00edas la Inspecci\u00f3n de Trabajo sancion\u00f3 a la empresa de vigilancia Prosegur con 9.800 euros porque los vigilantes de seguridad llegan a estar de pie hasta 13 horas seguidas, no se permite el descanso estipulado de media hora por la ma\ufffd<a href=\"https:\/\/vozobrera.org\/periodico\/explotacion-laboral-en-prosegur\/\"> Seguir leyendo...<\/a><\/p><hr><\/hr><p style=\"font-size:14px; font-weight: bold; line-height: 1;\">LA REALIDAD DEL CAPITALISMO SUPERA A LA FICCI\u00d3N<\/p><a href=\"https:\/\/vozobrera.org\/periodico\/la-realidad-del-capitalismo-supera-a-la-ficcion\/\"><\/a><p style=\"text-indent:2em;text-align:justify;font-family:arial;line-height:1;font-size:14px;\">Ni la peor ficci\u00f3n dist\u00f3pica puede igualar el video publicado por Trump, hecho con IA, para convertir Gaza en un resort de lujo. El capitalismo solo funciona con el asesinato, la emigraci\u00f3n forzosa y la desaparici\u00f3n de pueblos enteros, como el pu<a href=\"https:\/\/vozobrera.org\/periodico\/la-realidad-del-capitalismo-supera-a-la-ficcion\/\"> Seguir leyendo...<\/a><\/p><hr><\/hr><p style=\"font-size:14px; font-weight: bold; line-height: 1;\">TRABAJADORES DE CORREOS EN HUELGA EN TODA ESPAN\u0303A<\/p><a href=\"https:\/\/vozobrera.org\/periodico\/trabajadores-de-correos-en-huelga-en-toda-espana\/\"><\/a><p style=\"text-indent:2em;text-align:justify;font-family:arial;line-height:1;font-size:14px;\">Los trabajadores de Correos esta\u0301n llamados a una huelga a nivel nacional convocada por el sindicato CGT para este di\u0301a 26. Los motivos muchos: An\u0303os de continuos recortes pu\u0301blicos, falta de trabajadores en carteri\u0301as, en centros tratamiento au<a href=\"https:\/\/vozobrera.org\/periodico\/trabajadores-de-correos-en-huelga-en-toda-espana\/\"> Seguir leyendo...<\/a><\/p><hr><\/hr><p style=\"font-size:14px; font-weight: bold; line-height: 1;\">ELON MUSK AMENAZA CON DESPEDIR A LOS TRABAJADORES FEDERALES SI NO DAN EXPLICACIONES SOBRE SU TRABAJO<\/p><a href=\"https:\/\/vozobrera.org\/periodico\/elon-musk-amenaza-con-despedir-a-los-trabajadores-federales-si-no-dan-explicaciones-sobre-su-trabajo\/\"><\/a><p style=\"text-indent:2em;text-align:justify;font-family:arial;line-height:1;font-size:14px;\">Elon Musk, uno de los ma\u0301s ricos del mundo y duen\u0303o de los gigantes tecnolo\u0301gicos como Neuralink o xAI, lanzo\u0301 una advertencia a los funcionarios de que rindieran cuentas en un plazo de 48 horas acerca del trabajo que hicieron la semana anterior <a href=\"https:\/\/vozobrera.org\/periodico\/elon-musk-amenaza-con-despedir-a-los-trabajadores-federales-si-no-dan-explicaciones-sobre-su-trabajo\/\"> Seguir leyendo...<\/a><\/p><hr><\/hr><p style=\"font-size:14px; font-weight: bold; line-height: 1;\">EL PSOE SIEMPRE DE LA MANO DE LA BURGUESI\u0301A Y DE LOS ESBIRROS DEL CAPITAL<\/p><a href=\"https:\/\/vozobrera.org\/periodico\/el-psoe-siempre-de-la-mano-de-la-burguesia-y-de-los-esbirros-del-capital\/\"><\/a><p style=\"text-indent:2em;text-align:justify;font-family:arial;line-height:1;font-size:14px;\">Este pasado martes 18 de febrero, el PSOE se abstuvo durante la Comisio\u0301n de Vivienda en el Congreso para ilegalizar a Desokupa, una empresa al servicio de grandes empresas y fondos de inversi\u00f3n que no dudan en especular con el derecho a la viviend<a href=\"https:\/\/vozobrera.org\/periodico\/el-psoe-siempre-de-la-mano-de-la-burguesia-y-de-los-esbirros-del-capital\/\"> Seguir leyendo...<\/a><\/p><hr><\/hr><p style=\"font-size:14px; font-weight: bold; line-height: 1;\">LAS TRABAJADORAS DOM\u00c9STICAS, UNO DE LOS COLECTIVOS M\u00c1S OLVIDADOS<\/p><a href=\"https:\/\/vozobrera.org\/periodico\/las-trabajadoras-domesticas-uno-de-los-colectivos-mas-olvidados\/\"><\/a><p style=\"text-indent:2em;text-align:justify;font-family:arial;line-height:1;font-size:14px;\">Las trabajadoras dom\u00e9sticas es uno de los colectivos que m\u00e1s sufre la precariedad y explotaci\u00f3n en la sociedad capitalista. Como todo el mundo sabe, las trabajadoras dom\u00e9sticas realizan jornadas ilegales cobrando menos del salario m\u00ednimo y para <a href=\"https:\/\/vozobrera.org\/periodico\/las-trabajadoras-domesticas-uno-de-los-colectivos-mas-olvidados\/\"> Seguir leyendo...<\/a><\/p><hr><\/hr><p style=\"font-size:14px; font-weight: bold; line-height: 1;\">MILEI Y LOS NEGOCIOS CAPITALISTAS<\/p><a href=\"https:\/\/vozobrera.org\/periodico\/milei-y-los-negocios-capitalistas\/\"><\/a><p style=\"text-indent:2em;text-align:justify;font-family:arial;line-height:1;font-size:14px;\">Ayudando a sus amigos empresarios a enriquecerse con la venta de las criptomonedas $LIBRA Milei ha mostrado al mundo lo que era un secreto a voces, los lazos que le unen al gran capital y sus negocios, dispuesto a todo con tal de preservar los intere<a href=\"https:\/\/vozobrera.org\/periodico\/milei-y-los-negocios-capitalistas\/\"> Seguir leyendo...<\/a><\/p><hr><\/hr><p style=\"font-size:14px; font-weight: bold; line-height: 1;\">ESTADOS UNIDOS Y RUSIA EMPIEZAN A NEGOCIAR SOBRE UCRANIA, PERO SIN UCRANIA<\/p><a href=\"https:\/\/vozobrera.org\/periodico\/estados-unidos-y-rusia-empiezan-a-negociar-sobre-ucrania-pero-sin-ucrania\/\"><\/a><p style=\"text-indent:2em;text-align:justify;font-family:arial;line-height:1;font-size:14px;\">Estos dos pa\u00edses han empezado sus reuniones en Arabia Saud\u00ed sobre el fin de la guerra en Ucrania y los dirigentes europeos han puesto el grito en el cielo. \u00bfPorque se ha dejado de lado al propio pa\u00eds afectado, Ucrania? \u00a1No! Sino porque los dirig<a href=\"https:\/\/vozobrera.org\/periodico\/estados-unidos-y-rusia-empiezan-a-negociar-sobre-ucrania-pero-sin-ucrania\/\"> Seguir leyendo...<\/a><\/p><hr><\/hr><p style=\"font-size:14px; font-weight: bold; line-height: 1;\">EL NUEVO PACTO CONTRA LA VIOLENCIA MACHISTA<\/p><a href=\"https:\/\/vozobrera.org\/periodico\/el-nuevo-pacto-contra-la-violencia-machista\/\"><\/a><p style=\"text-indent:2em;text-align:justify;font-family:arial;line-height:1;font-size:14px;\">El Congreso ha sacado adelante el borrador para el Pacto de Estado contra la Violencia de G\u00e9nero con el voto favorable de todos los grupos. Todos salvo Vox, que reitera con ello su desprecio hacia la mujer. Como novedad se ha incluido las nuevas tec<a href=\"https:\/\/vozobrera.org\/periodico\/el-nuevo-pacto-contra-la-violencia-machista\/\"> Seguir leyendo...<\/a><\/p><hr><\/hr><p style=\"font-size:14px; font-weight: bold; line-height: 1;\">GOBIERNO PROGRESISTA SIEMPRE AL SERVICIO DE LOS CAPITALISTAS<\/p><a href=\"https:\/\/vozobrera.org\/periodico\/gobierno-progresista-siempre-al-servicio-de-los-capitalistas\/\"><\/a><p style=\"text-indent:2em;text-align:justify;font-family:arial;line-height:1;font-size:14px;\">Es una verg\u00fcenza que el gobierno llamado progresista proponga que paguen IRPF los trabajadores que cobran el salario m\u00ednimo (una miseria) mientras se le perdona impuestos a la banca, a los rentistas y a las el\u00e9ctricas, teniendo beneficios multimil<a href=\"https:\/\/vozobrera.org\/periodico\/gobierno-progresista-siempre-al-servicio-de-los-capitalistas\/\"> Seguir leyendo...<\/a><\/p><hr><\/hr><\/div>\n\t\t\t\t<\/div>\n\t\t\t\t<\/div>\n\t\t\t\t<div class=\"elementor-element elementor-element-b07f6e1 elementor-widget elementor-widget-heading\" data-id=\"b07f6e1\" data-element_type=\"widget\" data-widget_type=\"heading.default\">\n\t\t\t\t<div class=\"elementor-widget-container\">\n\t\t\t<h3 class=\"elementor-heading-title elementor-size-default\"><a href=\"https:\/\/vozobrera.org\/periodico\/categoria\/instagram\/\">Ver todas las entradas de Instagram<\/a><\/h3>\t\t<\/div>\n\t\t\t\t<\/div>\n\t\t\t\t\t\t<\/div>\n\t\t\t\t\t<\/div>\n\t\t<\/div>\n\t\t\t\t\t\t\t\t<\/div>\n\t\t\t\t\t<\/div>\n\t\t<\/section>\n\t\t\t\t\t\t\t\t\t<\/div>\n\t\t\t<\/div>\n\t\t\t\t\t<\/div>\n\t\t","protected":false},"excerpt":{"rendered":"<p>Entradas publicadas en Instagram Ver todas las entradas de Instagram<\/p>\n","protected":false},"author":5,"featured_media":0,"parent":0,"menu_order":0,"comment_status":"closed","ping_status":"closed","template":"","meta":{"neve_meta_sidebar":"full-width","neve_meta_container":"","neve_meta_enable_content_width":"on","neve_meta_content_width":100,"neve_meta_title_alignment":"","neve_meta_author_avatar":"","neve_post_elements_order":"","neve_meta_disable_header":"","neve_meta_disable_footer":"","neve_meta_disable_title":"","footnotes":""},"class_list":["post-16590","page","type-page","status-publish","hentry"],"_links":{"self":[{"href":"https:\/\/vozobrera.org\/periodico\/wp-json\/wp\/v2\/pages\/16590","targetHints":{"allow":["GET"]}}],"collection":[{"href":"https:\/\/vozobrera.org\/periodico\/wp-json\/wp\/v2\/pages"}],"about":[{"href":"https:\/\/vozobrera.org\/periodico\/wp-json\/wp\/v2\/types\/page"}],"author":[{"embeddable":true,"href":"https:\/\/vozobrera.org\/periodico\/wp-json\/wp\/v2\/users\/5"}],"replies":[{"embeddable":true,"href":"https:\/\/vozobrera.org\/periodico\/wp-json\/wp\/v2\/comments?post=16590"}],"version-history":[{"count":10,"href":"https:\/\/vozobrera.org\/periodico\/wp-json\/wp\/v2\/pages\/16590\/revisions"}],"predecessor-version":[{"id":16600,"href":"https:\/\/vozobrera.org\/periodico\/wp-json\/wp\/v2\/pages\/16590\/revisions\/16600"}],"wp:attachment":[{"href":"https:\/\/vozobrera.org\/periodico\/wp-json\/wp\/v2\/media?parent=16590"}],"curies":[{"name":"wp","href":"https:\/\/api.w.org\/{rel}","templated":true}]}}